{"id":10,"date":"2023-08-09T08:39:07","date_gmt":"2023-08-09T08:39:07","guid":{"rendered":"https:\/\/xn--anettehvirvelkrterapi-s3b.dk\/?page_id=10"},"modified":"2024-03-23T15:44:01","modified_gmt":"2024-03-23T15:44:01","slug":"par-familietjek","status":"publish","type":"page","link":"http:\/\/xn--anettehvirvelkrterapi-s3b.dk\/index.php\/par-familietjek\/","title":{"rendered":"Par\/Familietjek"},"content":{"rendered":"\n<p><\/p>\n\n\n\n<p><\/p>\n\n\n\n<p>I en travl hverdag kan vi ofte glemme at v\u00e6re opm\u00e6rksomme p\u00e5 og tillige med f\u00e5 delt, hvordan vi har det hver is\u00e6r og sammen. Oftest sker det f\u00f8rst i forbindelse med en krise, fx mistrivsel p\u00e5 jobbet, b\u00f8rn flytter hjemmefra, l\u00e6ngerevarende manglende n\u00e6rv\u00e6r og omsorg til hinanden i hverdagen.<\/p>\n\n\n\n<p>Et par\/familietjek kan v\u00e6re med til at sikre, at I j\u00e6vnligt f\u00e5r passet godt p\u00e5 jer selv og hinanden. <\/p>\n\n\n\n<p>Et partjek giver dig og din partner mulighed for at stoppe op og f\u00e5 snakket om, hvordan I hver is\u00e6r har det i livet som helhed og ikke mindst i forhold til hinanden \u2013 uden at der skal v\u00e6re sket en krise. Vi tager temperaturen p\u00e5, hvordan du og din partner trives hver is\u00e6r og sammen som par &#8211; alts\u00e5 hvordan er det at v\u00e6re dig sammen med den anden for tiden?<\/p>\n\n\n\n<p>Partjek drejer sig om, at du og din partner hver is\u00e6r fort\u00e6ller om jeres f\u00f8lelser og tanker om at v\u00e6re i parforholdet sammen og ikke mindst, at I f\u00e5r lyttet til hinanden. Jeg hj\u00e6lper med at sikre, at begge parter bliver h\u00f8rt og f\u00e5r givet udtryk for, hvordan I trives i relationerne. <\/p>\n\n\n\n<p>Familietjek foreg\u00e5r p\u00e5 sammen m\u00e5de, som et partjek. I et familietjek deltager b\u00f8rnene ogs\u00e5 med deres meninger og holdninger om deres trivsel ind i familien. For\u00e6ldrene indleder som regel altid samtalen.<\/p>\n\n\n\n<p>Par- og familietjek kan v\u00e6re en v\u00e6rdifuld gave at give dig selv, hinanden og jeres b\u00f8rn, da du\/I derved passer p\u00e5 det, som er vigtigt for dig\/jer \u2013 relationer.<\/p>\n\n\n\n<p>Par- og familietjek er ikke en terapeutisk samtale. Der kan dukke emner op, som man \u00f8nsker at g\u00e5 mere i dybden med. Det vil finde sted til en efterf\u00f8lgende par- eller familieterapi.<\/p>\n","protected":false},"excerpt":{"rendered":"<p>I en travl hverdag kan vi ofte glemme at v\u00e6re opm\u00e6rksomme p\u00e5 og tillige med f\u00e5 delt, hvordan vi har det hver is\u00e6r og sammen. Oftest sker det f\u00f8rst i forbindelse med en krise, fx mistrivsel p\u00e5 jobbet, b\u00f8rn flytter hjemmefra, l\u00e6ngerevarende manglende n\u00e6rv\u00e6r og omsorg til hinanden i hverdagen. Et par\/familietjek kan v\u00e6re med til at sikre, at I j\u00e6vnligt f\u00e5r passet godt p\u00e5 jer selv og hinanden. Et partjek giver dig og din partner mulighed for at stoppe op og f\u00e5 snakket om, hvordan I hver is\u00e6r har det i livet som helhed og ikke mindst i forhold til hinanden \u2013 uden at der skal v\u00e6re sket en krise. Vi tager temperaturen p\u00e5, hvordan du og din partner trives hver is\u00e6r og sammen som par &#8211; alts\u00e5 hvordan er det at v\u00e6re dig sammen med den anden for tiden? Partjek drejer sig om, at du og din partner&hellip;<\/p>\n<p> <a class=\"more-link\" href=\"http:\/\/xn--anettehvirvelkrterapi-s3b.dk\/index.php\/par-familietjek\/\">Read more<\/a><\/p>\n","protected":false},"author":1,"featured_media":444,"parent":0,"menu_order":0,"comment_status":"closed","ping_status":"closed","template":"","meta":{"footnotes":""},"class_list":["post-10","page","type-page","status-publish","has-post-thumbnail"],"yoast_head":"<!-- This site is optimized with the Yoast SEO plugin v23.8 - https:\/\/yoast.com\/wordpress\/plugins\/seo\/ -->\n<title>Par\/Familietjek - AnetteHvirvelk&aelig;r Terapi<\/title>\n<meta name=\"description\" content=\"Giv en gave til dig selv og dem du holder af. Med et partjek tager I en status p\u00e5, hvordan I hver is\u00e6r har det og har det med hinanden. Partjek kan medvirke til at I f\u00e5r stoppet op og set hinanden i \u00f8jnene - det kan forebygge at problemer vokser sig for store.\" \/>\n<meta name=\"robots\" content=\"index, follow, max-snippet:-1, max-image-preview:large, max-video-preview:-1\" \/>\n<link rel=\"canonical\" href=\"http:\/\/xn--anettehvirvelkrterapi-s3b.dk\/index.php\/par-familietjek\/\" \/>\n<meta property=\"og:locale\" content=\"da_DK\" \/>\n<meta property=\"og:type\" content=\"article\" \/>\n<meta property=\"og:title\" content=\"Par\/Familietjek - AnetteHvirvelk&aelig;r Terapi\" \/>\n<meta property=\"og:description\" content=\"Giv en gave til dig selv og dem du holder af. Med et partjek tager I en status p\u00e5, hvordan I hver is\u00e6r har det og har det med hinanden. Partjek kan medvirke til at I f\u00e5r stoppet op og set hinanden i \u00f8jnene - det kan forebygge at problemer vokser sig for store.\" \/>\n<meta property=\"og:url\" content=\"http:\/\/xn--anettehvirvelkrterapi-s3b.dk\/index.php\/par-familietjek\/\" \/>\n<meta property=\"og:site_name\" content=\"AnetteHvirvelk&aelig;r Terapi\" \/>\n<meta property=\"article:modified_time\" content=\"2024-03-23T15:44:01+00:00\" \/>\n<meta property=\"og:image\" content=\"https:\/\/anettehvirvelk\u00e6rterapi.dk\/wp-content\/uploads\/2023\/09\/oeer-og-blaa-himmel-redi-partjek-bedst-scaled.jpg\" \/>\n\t<meta property=\"og:image:width\" content=\"2560\" \/>\n\t<meta property=\"og:image:height\" content=\"1052\" \/>\n\t<meta property=\"og:image:type\" content=\"image\/jpeg\" \/>\n<meta name=\"twitter:card\" content=\"summary_large_image\" \/>\n<meta name=\"twitter:label1\" content=\"Estimeret l\u00e6setid\" \/>\n\t<meta name=\"twitter:data1\" content=\"2 minutter\" \/>\n<script type=\"application\/ld+json\" class=\"yoast-schema-graph\">{\"@context\":\"https:\/\/schema.org\",\"@graph\":[{\"@type\":\"WebPage\",\"@id\":\"http:\/\/xn--anettehvirvelkrterapi-s3b.dk\/index.php\/par-familietjek\/\",\"url\":\"http:\/\/xn--anettehvirvelkrterapi-s3b.dk\/index.php\/par-familietjek\/\",\"name\":\"Par\/Familietjek - AnetteHvirvelk&aelig;r Terapi\",\"isPartOf\":{\"@id\":\"http:\/\/xn--anettehvirvelkrterapi-s3b.dk\/#website\"},\"primaryImageOfPage\":{\"@id\":\"http:\/\/xn--anettehvirvelkrterapi-s3b.dk\/index.php\/par-familietjek\/#primaryimage\"},\"image\":{\"@id\":\"http:\/\/xn--anettehvirvelkrterapi-s3b.dk\/index.php\/par-familietjek\/#primaryimage\"},\"thumbnailUrl\":\"https:\/\/anettehvirvelk\u00e6rterapi.dk\/wp-content\/uploads\/2023\/09\/oeer-og-blaa-himmel-redi-partjek-bedst-scaled.jpg\",\"datePublished\":\"2023-08-09T08:39:07+00:00\",\"dateModified\":\"2024-03-23T15:44:01+00:00\",\"description\":\"Giv en gave til dig selv og dem du holder af. Med et partjek tager I en status p\u00e5, hvordan I hver is\u00e6r har det og har det med hinanden. Partjek kan medvirke til at I f\u00e5r stoppet op og set hinanden i \u00f8jnene - det kan forebygge at problemer vokser sig for store.\",\"breadcrumb\":{\"@id\":\"http:\/\/xn--anettehvirvelkrterapi-s3b.dk\/index.php\/par-familietjek\/#breadcrumb\"},\"inLanguage\":\"da-DK\",\"potentialAction\":[{\"@type\":\"ReadAction\",\"target\":[\"http:\/\/xn--anettehvirvelkrterapi-s3b.dk\/index.php\/par-familietjek\/\"]}]},{\"@type\":\"ImageObject\",\"inLanguage\":\"da-DK\",\"@id\":\"http:\/\/xn--anettehvirvelkrterapi-s3b.dk\/index.php\/par-familietjek\/#primaryimage\",\"url\":\"https:\/\/anettehvirvelk\u00e6rterapi.dk\/wp-content\/uploads\/2023\/09\/oeer-og-blaa-himmel-redi-partjek-bedst-scaled.jpg\",\"contentUrl\":\"https:\/\/anettehvirvelk\u00e6rterapi.dk\/wp-content\/uploads\/2023\/09\/oeer-og-blaa-himmel-redi-partjek-bedst-scaled.jpg\",\"width\":2560,\"height\":1052,\"caption\":\"l\u00e6ngsel k\u00e6rlighed lethed harmoni gl\u00e6de glad smil ro tilfredshed liv leve vokse sammen forandringer m\u00f8nstre strategier s\u00e5rbarhed undg\u00e5else usikker utryg uro frygt\"},{\"@type\":\"BreadcrumbList\",\"@id\":\"http:\/\/xn--anettehvirvelkrterapi-s3b.dk\/index.php\/par-familietjek\/#breadcrumb\",\"itemListElement\":[{\"@type\":\"ListItem\",\"position\":1,\"name\":\"Hjem\",\"item\":\"http:\/\/xn--anettehvirvelkrterapi-s3b.dk\/\"},{\"@type\":\"ListItem\",\"position\":2,\"name\":\"Par\/Familietjek\"}]},{\"@type\":\"WebSite\",\"@id\":\"http:\/\/xn--anettehvirvelkrterapi-s3b.dk\/#website\",\"url\":\"http:\/\/xn--anettehvirvelkrterapi-s3b.dk\/\",\"name\":\"AnetteHvirvelk&aelig;r Terapi\",\"description\":\"Samtaleterapi  til enkelt personer, par og familier og kropsorienteret behandling\",\"potentialAction\":[{\"@type\":\"SearchAction\",\"target\":{\"@type\":\"EntryPoint\",\"urlTemplate\":\"http:\/\/xn--anettehvirvelkrterapi-s3b.dk\/?s={search_term_string}\"},\"query-input\":{\"@type\":\"PropertyValueSpecification\",\"valueRequired\":true,\"valueName\":\"search_term_string\"}}],\"inLanguage\":\"da-DK\"}]}<\/script>\n<!-- \/ Yoast SEO plugin. -->","yoast_head_json":{"title":"Par\/Familietjek - AnetteHvirvelk&aelig;r Terapi","description":"Giv en gave til dig selv og dem du holder af. Med et partjek tager I en status p\u00e5, hvordan I hver is\u00e6r har det og har det med hinanden. Partjek kan medvirke til at I f\u00e5r stoppet op og set hinanden i \u00f8jnene - det kan forebygge at problemer vokser sig for store.","robots":{"index":"index","follow":"follow","max-snippet":"max-snippet:-1","max-image-preview":"max-image-preview:large","max-video-preview":"max-video-preview:-1"},"canonical":"http:\/\/xn--anettehvirvelkrterapi-s3b.dk\/index.php\/par-familietjek\/","og_locale":"da_DK","og_type":"article","og_title":"Par\/Familietjek - AnetteHvirvelk&aelig;r Terapi","og_description":"Giv en gave til dig selv og dem du holder af. Med et partjek tager I en status p\u00e5, hvordan I hver is\u00e6r har det og har det med hinanden. Partjek kan medvirke til at I f\u00e5r stoppet op og set hinanden i \u00f8jnene - det kan forebygge at problemer vokser sig for store.","og_url":"http:\/\/xn--anettehvirvelkrterapi-s3b.dk\/index.php\/par-familietjek\/","og_site_name":"AnetteHvirvelk&aelig;r Terapi","article_modified_time":"2024-03-23T15:44:01+00:00","og_image":[{"width":2560,"height":1052,"url":"https:\/\/anettehvirvelk\u00e6rterapi.dk\/wp-content\/uploads\/2023\/09\/oeer-og-blaa-himmel-redi-partjek-bedst-scaled.jpg","type":"image\/jpeg"}],"twitter_card":"summary_large_image","twitter_misc":{"Estimeret l\u00e6setid":"2 minutter"},"schema":{"@context":"https:\/\/schema.org","@graph":[{"@type":"WebPage","@id":"http:\/\/xn--anettehvirvelkrterapi-s3b.dk\/index.php\/par-familietjek\/","url":"http:\/\/xn--anettehvirvelkrterapi-s3b.dk\/index.php\/par-familietjek\/","name":"Par\/Familietjek - AnetteHvirvelk&aelig;r Terapi","isPartOf":{"@id":"http:\/\/xn--anettehvirvelkrterapi-s3b.dk\/#website"},"primaryImageOfPage":{"@id":"http:\/\/xn--anettehvirvelkrterapi-s3b.dk\/index.php\/par-familietjek\/#primaryimage"},"image":{"@id":"http:\/\/xn--anettehvirvelkrterapi-s3b.dk\/index.php\/par-familietjek\/#primaryimage"},"thumbnailUrl":"https:\/\/anettehvirvelk\u00e6rterapi.dk\/wp-content\/uploads\/2023\/09\/oeer-og-blaa-himmel-redi-partjek-bedst-scaled.jpg","datePublished":"2023-08-09T08:39:07+00:00","dateModified":"2024-03-23T15:44:01+00:00","description":"Giv en gave til dig selv og dem du holder af. Med et partjek tager I en status p\u00e5, hvordan I hver is\u00e6r har det og har det med hinanden. Partjek kan medvirke til at I f\u00e5r stoppet op og set hinanden i \u00f8jnene - det kan forebygge at problemer vokser sig for store.","breadcrumb":{"@id":"http:\/\/xn--anettehvirvelkrterapi-s3b.dk\/index.php\/par-familietjek\/#breadcrumb"},"inLanguage":"da-DK","potentialAction":[{"@type":"ReadAction","target":["http:\/\/xn--anettehvirvelkrterapi-s3b.dk\/index.php\/par-familietjek\/"]}]},{"@type":"ImageObject","inLanguage":"da-DK","@id":"http:\/\/xn--anettehvirvelkrterapi-s3b.dk\/index.php\/par-familietjek\/#primaryimage","url":"https:\/\/anettehvirvelk\u00e6rterapi.dk\/wp-content\/uploads\/2023\/09\/oeer-og-blaa-himmel-redi-partjek-bedst-scaled.jpg","contentUrl":"https:\/\/anettehvirvelk\u00e6rterapi.dk\/wp-content\/uploads\/2023\/09\/oeer-og-blaa-himmel-redi-partjek-bedst-scaled.jpg","width":2560,"height":1052,"caption":"l\u00e6ngsel k\u00e6rlighed lethed harmoni gl\u00e6de glad smil ro tilfredshed liv leve vokse sammen forandringer m\u00f8nstre strategier s\u00e5rbarhed undg\u00e5else usikker utryg uro frygt"},{"@type":"BreadcrumbList","@id":"http:\/\/xn--anettehvirvelkrterapi-s3b.dk\/index.php\/par-familietjek\/#breadcrumb","itemListElement":[{"@type":"ListItem","position":1,"name":"Hjem","item":"http:\/\/xn--anettehvirvelkrterapi-s3b.dk\/"},{"@type":"ListItem","position":2,"name":"Par\/Familietjek"}]},{"@type":"WebSite","@id":"http:\/\/xn--anettehvirvelkrterapi-s3b.dk\/#website","url":"http:\/\/xn--anettehvirvelkrterapi-s3b.dk\/","name":"AnetteHvirvelk&aelig;r Terapi","description":"Samtaleterapi  til enkelt personer, par og familier og kropsorienteret behandling","potentialAction":[{"@type":"SearchAction","target":{"@type":"EntryPoint","urlTemplate":"http:\/\/xn--anettehvirvelkrterapi-s3b.dk\/?s={search_term_string}"},"query-input":{"@type":"PropertyValueSpecification","valueRequired":true,"valueName":"search_term_string"}}],"inLanguage":"da-DK"}]}},"_links":{"self":[{"href":"http:\/\/xn--anettehvirvelkrterapi-s3b.dk\/index.php\/wp-json\/wp\/v2\/pages\/10","targetHints":{"allow":["GET"]}}],"collection":[{"href":"http:\/\/xn--anettehvirvelkrterapi-s3b.dk\/index.php\/wp-json\/wp\/v2\/pages"}],"about":[{"href":"http:\/\/xn--anettehvirvelkrterapi-s3b.dk\/index.php\/wp-json\/wp\/v2\/types\/page"}],"author":[{"embeddable":true,"href":"http:\/\/xn--anettehvirvelkrterapi-s3b.dk\/index.php\/wp-json\/wp\/v2\/users\/1"}],"replies":[{"embeddable":true,"href":"http:\/\/xn--anettehvirvelkrterapi-s3b.dk\/index.php\/wp-json\/wp\/v2\/comments?post=10"}],"version-history":[{"count":25,"href":"http:\/\/xn--anettehvirvelkrterapi-s3b.dk\/index.php\/wp-json\/wp\/v2\/pages\/10\/revisions"}],"predecessor-version":[{"id":676,"href":"http:\/\/xn--anettehvirvelkrterapi-s3b.dk\/index.php\/wp-json\/wp\/v2\/pages\/10\/revisions\/676"}],"wp:featuredmedia":[{"embeddable":true,"href":"http:\/\/xn--anettehvirvelkrterapi-s3b.dk\/index.php\/wp-json\/wp\/v2\/media\/444"}],"wp:attachment":[{"href":"http:\/\/xn--anettehvirvelkrterapi-s3b.dk\/index.php\/wp-json\/wp\/v2\/media?parent=10"}],"curies":[{"name":"wp","href":"https:\/\/api.w.org\/{rel}","templated":true}]}}