{"id":47,"date":"2023-08-09T09:10:54","date_gmt":"2023-08-09T09:10:54","guid":{"rendered":"https:\/\/xn--anettehvirvelkrterapi-s3b.dk\/?page_id=47"},"modified":"2023-09-12T18:22:58","modified_gmt":"2023-09-12T18:22:58","slug":"familie","status":"publish","type":"page","link":"http:\/\/xn--anettehvirvelkrterapi-s3b.dk\/index.php\/psykoterapi\/familie\/","title":{"rendered":"Familie"},"content":{"rendered":"\n<p><\/p>\n\n\n\n<p><\/p>\n\n\n\n<p>Familieterapi handler b\u00e5de om hver enkelt i familien og ikke mindst om relationerne mellem familiemedlemmerne. I familier findes der altid \u00e9t mig, \u00e9t dig og \u00e9t os. Den m\u00e5de vi er sammen p\u00e5, er afg\u00f8rende for den enkeltes trivsel og udvikling og har derfor hovedfokus i familieterapien.&nbsp;<\/p>\n\n\n\n<p>Som terapeut arbejder jeg med k\u00e6rligheden, som en motiverende faktor for forandringer og derfor vigtigt i familieterapi at samle de mennesker, som betyder mest for hinanden.<\/p>\n\n\n\n<p>Jeg vil fors\u00f8ge at hj\u00e6lpe familier med at se p\u00e5 deres m\u00f8nstre og hvordan de kan komme fri af fastl\u00e5ste og afviklende dynamikker, s\u00e5 der kan blive plads til udvikling. Der er familier, hvor konflikterne og sk\u00e6nderier fylder meget og det hele synes at v\u00e6re g\u00e5et i h\u00e5rdknude. Uanset hvad der bliver sagt eller forbliver usagt, s\u00e5 har det stor betydning for, hvordan I har det sammen.  <\/p>\n\n\n\n<p>Jeg vil sammen med jer skabe et trygt rum, og med tiden et tillidsfuldt rum, hvor hvert familiemedlem vil f\u00f8le sig set og h\u00f8rt i sine intentioner, s\u00e5 I gradvis kan f\u00e5r mere n\u00e6rhed og godt samv\u00e6r, som alle l\u00e6nges efter. Det er vigtigt for mig at medvirke til, at alle familiemedlemmer f\u00e5r en oplevelse af ligev\u00e6rdighed og kan v\u00e6re sig selv i samtalerummet.<\/p>\n\n\n\n<p>Til familiesamtaler anbefaler jeg altid, at b\u00f8rn er med til minimum f\u00f8rste samtale (helhedssynet). Efter f\u00f8rste samtale aftaler vi det videre forl\u00f8b. Et familieterapiforl\u00f8b afsluttes som udgangspunkt ogs\u00e5 med hele familien samlet.<\/p>\n\n\n\n<div class=\"wp-block-columns is-layout-flex wp-container-core-columns-is-layout-9d6595d7 wp-block-columns-is-layout-flex\">\n<div class=\"wp-block-column is-layout-flow wp-block-column-is-layout-flow\" style=\"flex-basis:66.66%\">\n<p>Familieterapi anbefales ikke, hvis det drejer sig om voksenproblemer som seksualitet, utroskab, eller lignende, s\u00e5 anbefaler jeg parsamtaler.<\/p>\n<\/div>\n\n\n\n<div class=\"wp-block-column is-layout-flow wp-block-column-is-layout-flow\" style=\"flex-basis:33.33%\">\n<figure class=\"wp-block-image size-large\"><img loading=\"lazy\" decoding=\"async\" width=\"1024\" height=\"1024\" src=\"https:\/\/anettehvirvelk\u00e6rterapi.dk\/wp-content\/uploads\/2023\/08\/redi-haender-foto-1024x1024.jpg\" alt=\"\" class=\"wp-image-304\" srcset=\"https:\/\/anettehvirvelk\u00e6rterapi.dk\/wp-content\/uploads\/2023\/08\/redi-haender-foto-1024x1024.jpg 1024w, https:\/\/anettehvirvelk\u00e6rterapi.dk\/wp-content\/uploads\/2023\/08\/redi-haender-foto-300x300.jpg 300w, https:\/\/anettehvirvelk\u00e6rterapi.dk\/wp-content\/uploads\/2023\/08\/redi-haender-foto-150x150.jpg 150w, https:\/\/anettehvirvelk\u00e6rterapi.dk\/wp-content\/uploads\/2023\/08\/redi-haender-foto-768x767.jpg 768w, https:\/\/anettehvirvelk\u00e6rterapi.dk\/wp-content\/uploads\/2023\/08\/redi-haender-foto.jpg 1067w\" sizes=\"auto, (max-width: 1024px) 100vw, 1024px\" \/><\/figure>\n<\/div>\n<\/div>\n\n\n\n<p><\/p>\n","protected":false},"excerpt":{"rendered":"<p>Familieterapi handler b\u00e5de om hver enkelt i familien og ikke mindst om relationerne mellem familiemedlemmerne. I familier findes der altid \u00e9t mig, \u00e9t dig og \u00e9t os. Den m\u00e5de vi er sammen p\u00e5, er afg\u00f8rende for den enkeltes trivsel og udvikling og har derfor hovedfokus i familieterapien.&nbsp; Som terapeut arbejder jeg med k\u00e6rligheden, som en motiverende faktor for forandringer og derfor vigtigt i familieterapi at samle de mennesker, som betyder mest for hinanden. Jeg vil fors\u00f8ge at hj\u00e6lpe familier med at se p\u00e5 deres m\u00f8nstre og hvordan de kan komme fri af fastl\u00e5ste og afviklende dynamikker, s\u00e5 der kan blive plads til udvikling. Der er familier, hvor konflikterne og sk\u00e6nderier fylder meget og det hele synes at v\u00e6re g\u00e5et i h\u00e5rdknude. Uanset hvad der bliver sagt eller forbliver usagt, s\u00e5 har det stor betydning for, hvordan I har det sammen. Jeg vil sammen med jer skabe et trygt rum, og&hellip;<\/p>\n<p> <a class=\"more-link\" href=\"http:\/\/xn--anettehvirvelkrterapi-s3b.dk\/index.php\/psykoterapi\/familie\/\">Read more<\/a><\/p>\n","protected":false},"author":1,"featured_media":179,"parent":7,"menu_order":0,"comment_status":"closed","ping_status":"closed","template":"","meta":{"footnotes":""},"class_list":["post-47","page","type-page","status-publish","has-post-thumbnail"],"yoast_head":"<!-- This site is optimized with the Yoast SEO plugin v23.8 - https:\/\/yoast.com\/wordpress\/plugins\/seo\/ -->\n<title>Familie - AnetteHvirvelk&aelig;r Terapi<\/title>\n<meta name=\"robots\" content=\"index, follow, max-snippet:-1, max-image-preview:large, max-video-preview:-1\" \/>\n<link rel=\"canonical\" href=\"http:\/\/xn--anettehvirvelkrterapi-s3b.dk\/index.php\/psykoterapi\/familie\/\" \/>\n<meta property=\"og:locale\" content=\"da_DK\" \/>\n<meta property=\"og:type\" content=\"article\" \/>\n<meta property=\"og:title\" content=\"Familie - AnetteHvirvelk&aelig;r Terapi\" \/>\n<meta property=\"og:description\" content=\"Familieterapi handler b\u00e5de om hver enkelt i familien og ikke mindst om relationerne mellem familiemedlemmerne. I familier findes der altid \u00e9t mig, \u00e9t dig og \u00e9t os. Den m\u00e5de vi er sammen p\u00e5, er afg\u00f8rende for den enkeltes trivsel og udvikling og har derfor hovedfokus i familieterapien.&nbsp; Som terapeut arbejder jeg med k\u00e6rligheden, som en motiverende faktor for forandringer og derfor vigtigt i familieterapi at samle de mennesker, som betyder mest for hinanden. Jeg vil fors\u00f8ge at hj\u00e6lpe familier med at se p\u00e5 deres m\u00f8nstre og hvordan de kan komme fri af fastl\u00e5ste og afviklende dynamikker, s\u00e5 der kan blive plads til udvikling. Der er familier, hvor konflikterne og sk\u00e6nderier fylder meget og det hele synes at v\u00e6re g\u00e5et i h\u00e5rdknude. Uanset hvad der bliver sagt eller forbliver usagt, s\u00e5 har det stor betydning for, hvordan I har det sammen. Jeg vil sammen med jer skabe et trygt rum, og&hellip;  Read more\" \/>\n<meta property=\"og:url\" content=\"http:\/\/xn--anettehvirvelkrterapi-s3b.dk\/index.php\/psykoterapi\/familie\/\" \/>\n<meta property=\"og:site_name\" content=\"AnetteHvirvelk&aelig;r Terapi\" \/>\n<meta property=\"article:modified_time\" content=\"2023-09-12T18:22:58+00:00\" \/>\n<meta property=\"og:image\" content=\"https:\/\/anettehvirvelk\u00e6rterapi.dk\/wp-content\/uploads\/2023\/08\/haender-e1692526225597.jpg\" \/>\n\t<meta property=\"og:image:width\" content=\"880\" \/>\n\t<meta property=\"og:image:height\" content=\"880\" \/>\n\t<meta property=\"og:image:type\" content=\"image\/jpeg\" \/>\n<meta name=\"twitter:card\" content=\"summary_large_image\" \/>\n<meta name=\"twitter:label1\" content=\"Estimeret l\u00e6setid\" \/>\n\t<meta name=\"twitter:data1\" content=\"1 minut\" \/>\n<script type=\"application\/ld+json\" class=\"yoast-schema-graph\">{\"@context\":\"https:\/\/schema.org\",\"@graph\":[{\"@type\":\"WebPage\",\"@id\":\"http:\/\/xn--anettehvirvelkrterapi-s3b.dk\/index.php\/psykoterapi\/familie\/\",\"url\":\"http:\/\/xn--anettehvirvelkrterapi-s3b.dk\/index.php\/psykoterapi\/familie\/\",\"name\":\"Familie - AnetteHvirvelk&aelig;r Terapi\",\"isPartOf\":{\"@id\":\"http:\/\/xn--anettehvirvelkrterapi-s3b.dk\/#website\"},\"primaryImageOfPage\":{\"@id\":\"http:\/\/xn--anettehvirvelkrterapi-s3b.dk\/index.php\/psykoterapi\/familie\/#primaryimage\"},\"image\":{\"@id\":\"http:\/\/xn--anettehvirvelkrterapi-s3b.dk\/index.php\/psykoterapi\/familie\/#primaryimage\"},\"thumbnailUrl\":\"https:\/\/anettehvirvelk\u00e6rterapi.dk\/wp-content\/uploads\/2023\/08\/haender-e1692526225597.jpg\",\"datePublished\":\"2023-08-09T09:10:54+00:00\",\"dateModified\":\"2023-09-12T18:22:58+00:00\",\"breadcrumb\":{\"@id\":\"http:\/\/xn--anettehvirvelkrterapi-s3b.dk\/index.php\/psykoterapi\/familie\/#breadcrumb\"},\"inLanguage\":\"da-DK\",\"potentialAction\":[{\"@type\":\"ReadAction\",\"target\":[\"http:\/\/xn--anettehvirvelkrterapi-s3b.dk\/index.php\/psykoterapi\/familie\/\"]}]},{\"@type\":\"ImageObject\",\"inLanguage\":\"da-DK\",\"@id\":\"http:\/\/xn--anettehvirvelkrterapi-s3b.dk\/index.php\/psykoterapi\/familie\/#primaryimage\",\"url\":\"https:\/\/anettehvirvelk\u00e6rterapi.dk\/wp-content\/uploads\/2023\/08\/haender-e1692526225597.jpg\",\"contentUrl\":\"https:\/\/anettehvirvelk\u00e6rterapi.dk\/wp-content\/uploads\/2023\/08\/haender-e1692526225597.jpg\",\"width\":880,\"height\":880,\"caption\":\"Familie Relationer Tilknytning Samv\u00e6r N\u00e6rv\u00e6r Kommunikation Trivsel Harmoni dynamikker m\u00f8nstre h\u00e5b savn tab sorg lyst hjertevarme\"},{\"@type\":\"BreadcrumbList\",\"@id\":\"http:\/\/xn--anettehvirvelkrterapi-s3b.dk\/index.php\/psykoterapi\/familie\/#breadcrumb\",\"itemListElement\":[{\"@type\":\"ListItem\",\"position\":1,\"name\":\"Hjem\",\"item\":\"http:\/\/xn--anettehvirvelkrterapi-s3b.dk\/\"},{\"@type\":\"ListItem\",\"position\":2,\"name\":\"Psykoterapi\",\"item\":\"http:\/\/xn--anettehvirvelkrterapi-s3b.dk\/index.php\/psykoterapi\/\"},{\"@type\":\"ListItem\",\"position\":3,\"name\":\"Familie\"}]},{\"@type\":\"WebSite\",\"@id\":\"http:\/\/xn--anettehvirvelkrterapi-s3b.dk\/#website\",\"url\":\"http:\/\/xn--anettehvirvelkrterapi-s3b.dk\/\",\"name\":\"AnetteHvirvelk&aelig;r Terapi\",\"description\":\"Samtaleterapi  til enkelt personer, par og familier og kropsorienteret behandling\",\"potentialAction\":[{\"@type\":\"SearchAction\",\"target\":{\"@type\":\"EntryPoint\",\"urlTemplate\":\"http:\/\/xn--anettehvirvelkrterapi-s3b.dk\/?s={search_term_string}\"},\"query-input\":{\"@type\":\"PropertyValueSpecification\",\"valueRequired\":true,\"valueName\":\"search_term_string\"}}],\"inLanguage\":\"da-DK\"}]}<\/script>\n<!-- \/ Yoast SEO plugin. -->","yoast_head_json":{"title":"Familie - AnetteHvirvelk&aelig;r Terapi","robots":{"index":"index","follow":"follow","max-snippet":"max-snippet:-1","max-image-preview":"max-image-preview:large","max-video-preview":"max-video-preview:-1"},"canonical":"http:\/\/xn--anettehvirvelkrterapi-s3b.dk\/index.php\/psykoterapi\/familie\/","og_locale":"da_DK","og_type":"article","og_title":"Familie - AnetteHvirvelk&aelig;r Terapi","og_description":"Familieterapi handler b\u00e5de om hver enkelt i familien og ikke mindst om relationerne mellem familiemedlemmerne. I familier findes der altid \u00e9t mig, \u00e9t dig og \u00e9t os. Den m\u00e5de vi er sammen p\u00e5, er afg\u00f8rende for den enkeltes trivsel og udvikling og har derfor hovedfokus i familieterapien.&nbsp; Som terapeut arbejder jeg med k\u00e6rligheden, som en motiverende faktor for forandringer og derfor vigtigt i familieterapi at samle de mennesker, som betyder mest for hinanden. Jeg vil fors\u00f8ge at hj\u00e6lpe familier med at se p\u00e5 deres m\u00f8nstre og hvordan de kan komme fri af fastl\u00e5ste og afviklende dynamikker, s\u00e5 der kan blive plads til udvikling. Der er familier, hvor konflikterne og sk\u00e6nderier fylder meget og det hele synes at v\u00e6re g\u00e5et i h\u00e5rdknude. Uanset hvad der bliver sagt eller forbliver usagt, s\u00e5 har det stor betydning for, hvordan I har det sammen. Jeg vil sammen med jer skabe et trygt rum, og&hellip;  Read more","og_url":"http:\/\/xn--anettehvirvelkrterapi-s3b.dk\/index.php\/psykoterapi\/familie\/","og_site_name":"AnetteHvirvelk&aelig;r Terapi","article_modified_time":"2023-09-12T18:22:58+00:00","og_image":[{"width":880,"height":880,"url":"https:\/\/anettehvirvelk\u00e6rterapi.dk\/wp-content\/uploads\/2023\/08\/haender-e1692526225597.jpg","type":"image\/jpeg"}],"twitter_card":"summary_large_image","twitter_misc":{"Estimeret l\u00e6setid":"1 minut"},"schema":{"@context":"https:\/\/schema.org","@graph":[{"@type":"WebPage","@id":"http:\/\/xn--anettehvirvelkrterapi-s3b.dk\/index.php\/psykoterapi\/familie\/","url":"http:\/\/xn--anettehvirvelkrterapi-s3b.dk\/index.php\/psykoterapi\/familie\/","name":"Familie - AnetteHvirvelk&aelig;r Terapi","isPartOf":{"@id":"http:\/\/xn--anettehvirvelkrterapi-s3b.dk\/#website"},"primaryImageOfPage":{"@id":"http:\/\/xn--anettehvirvelkrterapi-s3b.dk\/index.php\/psykoterapi\/familie\/#primaryimage"},"image":{"@id":"http:\/\/xn--anettehvirvelkrterapi-s3b.dk\/index.php\/psykoterapi\/familie\/#primaryimage"},"thumbnailUrl":"https:\/\/anettehvirvelk\u00e6rterapi.dk\/wp-content\/uploads\/2023\/08\/haender-e1692526225597.jpg","datePublished":"2023-08-09T09:10:54+00:00","dateModified":"2023-09-12T18:22:58+00:00","breadcrumb":{"@id":"http:\/\/xn--anettehvirvelkrterapi-s3b.dk\/index.php\/psykoterapi\/familie\/#breadcrumb"},"inLanguage":"da-DK","potentialAction":[{"@type":"ReadAction","target":["http:\/\/xn--anettehvirvelkrterapi-s3b.dk\/index.php\/psykoterapi\/familie\/"]}]},{"@type":"ImageObject","inLanguage":"da-DK","@id":"http:\/\/xn--anettehvirvelkrterapi-s3b.dk\/index.php\/psykoterapi\/familie\/#primaryimage","url":"https:\/\/anettehvirvelk\u00e6rterapi.dk\/wp-content\/uploads\/2023\/08\/haender-e1692526225597.jpg","contentUrl":"https:\/\/anettehvirvelk\u00e6rterapi.dk\/wp-content\/uploads\/2023\/08\/haender-e1692526225597.jpg","width":880,"height":880,"caption":"Familie Relationer Tilknytning Samv\u00e6r N\u00e6rv\u00e6r Kommunikation Trivsel Harmoni dynamikker m\u00f8nstre h\u00e5b savn tab sorg lyst hjertevarme"},{"@type":"BreadcrumbList","@id":"http:\/\/xn--anettehvirvelkrterapi-s3b.dk\/index.php\/psykoterapi\/familie\/#breadcrumb","itemListElement":[{"@type":"ListItem","position":1,"name":"Hjem","item":"http:\/\/xn--anettehvirvelkrterapi-s3b.dk\/"},{"@type":"ListItem","position":2,"name":"Psykoterapi","item":"http:\/\/xn--anettehvirvelkrterapi-s3b.dk\/index.php\/psykoterapi\/"},{"@type":"ListItem","position":3,"name":"Familie"}]},{"@type":"WebSite","@id":"http:\/\/xn--anettehvirvelkrterapi-s3b.dk\/#website","url":"http:\/\/xn--anettehvirvelkrterapi-s3b.dk\/","name":"AnetteHvirvelk&aelig;r Terapi","description":"Samtaleterapi  til enkelt personer, par og familier og kropsorienteret behandling","potentialAction":[{"@type":"SearchAction","target":{"@type":"EntryPoint","urlTemplate":"http:\/\/xn--anettehvirvelkrterapi-s3b.dk\/?s={search_term_string}"},"query-input":{"@type":"PropertyValueSpecification","valueRequired":true,"valueName":"search_term_string"}}],"inLanguage":"da-DK"}]}},"_links":{"self":[{"href":"http:\/\/xn--anettehvirvelkrterapi-s3b.dk\/index.php\/wp-json\/wp\/v2\/pages\/47","targetHints":{"allow":["GET"]}}],"collection":[{"href":"http:\/\/xn--anettehvirvelkrterapi-s3b.dk\/index.php\/wp-json\/wp\/v2\/pages"}],"about":[{"href":"http:\/\/xn--anettehvirvelkrterapi-s3b.dk\/index.php\/wp-json\/wp\/v2\/types\/page"}],"author":[{"embeddable":true,"href":"http:\/\/xn--anettehvirvelkrterapi-s3b.dk\/index.php\/wp-json\/wp\/v2\/users\/1"}],"replies":[{"embeddable":true,"href":"http:\/\/xn--anettehvirvelkrterapi-s3b.dk\/index.php\/wp-json\/wp\/v2\/comments?post=47"}],"version-history":[{"count":21,"href":"http:\/\/xn--anettehvirvelkrterapi-s3b.dk\/index.php\/wp-json\/wp\/v2\/pages\/47\/revisions"}],"predecessor-version":[{"id":525,"href":"http:\/\/xn--anettehvirvelkrterapi-s3b.dk\/index.php\/wp-json\/wp\/v2\/pages\/47\/revisions\/525"}],"up":[{"embeddable":true,"href":"http:\/\/xn--anettehvirvelkrterapi-s3b.dk\/index.php\/wp-json\/wp\/v2\/pages\/7"}],"wp:featuredmedia":[{"embeddable":true,"href":"http:\/\/xn--anettehvirvelkrterapi-s3b.dk\/index.php\/wp-json\/wp\/v2\/media\/179"}],"wp:attachment":[{"href":"http:\/\/xn--anettehvirvelkrterapi-s3b.dk\/index.php\/wp-json\/wp\/v2\/media?parent=47"}],"curies":[{"name":"wp","href":"https:\/\/api.w.org\/{rel}","templated":true}]}}