{"id":7,"date":"2023-08-09T08:37:37","date_gmt":"2023-08-09T08:37:37","guid":{"rendered":"https:\/\/xn--anettehvirvelkrterapi-s3b.dk\/?page_id=7"},"modified":"2023-09-12T18:21:54","modified_gmt":"2023-09-12T18:21:54","slug":"psykoterapi","status":"publish","type":"page","link":"http:\/\/xn--anettehvirvelkrterapi-s3b.dk\/index.php\/psykoterapi\/","title":{"rendered":"Psykoterapi"},"content":{"rendered":"\n<p><\/p>\n\n\n\n<p><\/p>\n\n\n\n<p>Jeg hedder Anette Hvirvelk\u00e6r og tilbyder samtaleterapi til enkelte personer, par og familier.<\/p>\n\n\n\n<p>Terapisamtalerne tager udgangspunkt i det, som fylder hos dig\/jer. <\/p>\n\n\n\n<p>Det kan v\u00e6re; <\/p>\n\n\n\n<ul class=\"wp-block-list\">\n<li>at du f\u00f8ler dig trist, modl\u00f8s og har lav selvf\u00f8lelse<\/li>\n\n\n\n<li>at du har oplevet\/oplever st\u00f8rre livs\u00e6ndrende begivenheder som sorg og tab i forbindelse med  d\u00f8dsfald, sygdom, brudte forhold<\/li>\n\n\n\n<li>at du\/I oplever at befinde jer i uforl\u00f8ste konflikter eller diskussioner, som g\u00e5r i ring og som skaber distance mellem jer <\/li>\n\n\n\n<li>at I er uenige om, hvordan I vil v\u00e6re sammen i jeres familie.<\/li>\n\n\n\n<li>at I er blevet til en sammenbragt familie og brug for samtaler om, hvordan I er sammen som en ny familie.<\/li>\n<\/ul>\n\n\n\n<p>Det vigtige for vores udvikling og trivsel er, hvordan vi har det med dem, vi holder af, lever sammen med, og\/eller er i familie med. <\/p>\n\n\n\n<p>N\u00e5r tingene bliver sv\u00e6rere end n\u00f8dvendigt, kan det v\u00e6re givtigt at dele tanker og overvejelser for at f\u00e5 mere lethed og gl\u00e6de ind i ens liv og i relationer til andre &#8211; s\u00e5 kan det v\u00e6re, at du\/I har brug for en samtale sammen med mig.<\/p>\n\n\n\n<p>Hvis du har  brug for f\u00e6rre ord og mere kropslig behandling fx p\u00e5 grund af belastninger og traumer, s\u00e5 ogs\u00e5 muligt. Se venligst mere under afsnittet &#8220;Kropsorienteret&#8221;.<\/p>\n","protected":false},"excerpt":{"rendered":"<p>Jeg hedder Anette Hvirvelk\u00e6r og tilbyder samtaleterapi til enkelte personer, par og familier. Terapisamtalerne tager udgangspunkt i det, som fylder hos dig\/jer. Det kan v\u00e6re; Det vigtige for vores udvikling og trivsel er, hvordan vi har det med dem, vi holder af, lever sammen med, og\/eller er i familie med. N\u00e5r tingene bliver sv\u00e6rere end n\u00f8dvendigt, kan det v\u00e6re givtigt at dele tanker og overvejelser for at f\u00e5 mere lethed og gl\u00e6de ind i ens liv og i relationer til andre &#8211; s\u00e5 kan det v\u00e6re, at du\/I har brug for en samtale sammen med mig. Hvis du har brug for f\u00e6rre ord og mere kropslig behandling fx p\u00e5 grund af belastninger og traumer, s\u00e5 ogs\u00e5 muligt. Se venligst mere under afsnittet &#8220;Kropsorienteret&#8221;.<\/p>\n","protected":false},"author":1,"featured_media":437,"parent":0,"menu_order":0,"comment_status":"closed","ping_status":"closed","template":"","meta":{"footnotes":""},"class_list":["post-7","page","type-page","status-publish","has-post-thumbnail"],"yoast_head":"<!-- This site is optimized with the Yoast SEO plugin v23.8 - https:\/\/yoast.com\/wordpress\/plugins\/seo\/ -->\n<title>Psykoterapi - AnetteHvirvelk&aelig;r Terapi<\/title>\n<meta name=\"robots\" content=\"index, follow, max-snippet:-1, max-image-preview:large, max-video-preview:-1\" \/>\n<link rel=\"canonical\" href=\"http:\/\/xn--anettehvirvelkrterapi-s3b.dk\/index.php\/psykoterapi\/\" \/>\n<meta property=\"og:locale\" content=\"da_DK\" \/>\n<meta property=\"og:type\" content=\"article\" \/>\n<meta property=\"og:title\" content=\"Psykoterapi - AnetteHvirvelk&aelig;r Terapi\" \/>\n<meta property=\"og:description\" content=\"Jeg hedder Anette Hvirvelk\u00e6r og tilbyder samtaleterapi til enkelte personer, par og familier. Terapisamtalerne tager udgangspunkt i det, som fylder hos dig\/jer. Det kan v\u00e6re; Det vigtige for vores udvikling og trivsel er, hvordan vi har det med dem, vi holder af, lever sammen med, og\/eller er i familie med. N\u00e5r tingene bliver sv\u00e6rere end n\u00f8dvendigt, kan det v\u00e6re givtigt at dele tanker og overvejelser for at f\u00e5 mere lethed og gl\u00e6de ind i ens liv og i relationer til andre &#8211; s\u00e5 kan det v\u00e6re, at du\/I har brug for en samtale sammen med mig. Hvis du har brug for f\u00e6rre ord og mere kropslig behandling fx p\u00e5 grund af belastninger og traumer, s\u00e5 ogs\u00e5 muligt. Se venligst mere under afsnittet &#8220;Kropsorienteret&#8221;.\" \/>\n<meta property=\"og:url\" content=\"http:\/\/xn--anettehvirvelkrterapi-s3b.dk\/index.php\/psykoterapi\/\" \/>\n<meta property=\"og:site_name\" content=\"AnetteHvirvelk&aelig;r Terapi\" \/>\n<meta property=\"article:modified_time\" content=\"2023-09-12T18:21:54+00:00\" \/>\n<meta property=\"og:image\" content=\"https:\/\/anettehvirvelk\u00e6rterapi.dk\/wp-content\/uploads\/2023\/09\/uendelig-bro-redi-1-scaled.jpg\" \/>\n\t<meta property=\"og:image:width\" content=\"1189\" \/>\n\t<meta property=\"og:image:height\" content=\"2560\" \/>\n\t<meta property=\"og:image:type\" content=\"image\/jpeg\" \/>\n<meta name=\"twitter:card\" content=\"summary_large_image\" \/>\n<meta name=\"twitter:label1\" content=\"Estimeret l\u00e6setid\" \/>\n\t<meta name=\"twitter:data1\" content=\"1 minut\" \/>\n<script type=\"application\/ld+json\" class=\"yoast-schema-graph\">{\"@context\":\"https:\/\/schema.org\",\"@graph\":[{\"@type\":\"WebPage\",\"@id\":\"http:\/\/xn--anettehvirvelkrterapi-s3b.dk\/index.php\/psykoterapi\/\",\"url\":\"http:\/\/xn--anettehvirvelkrterapi-s3b.dk\/index.php\/psykoterapi\/\",\"name\":\"Psykoterapi - AnetteHvirvelk&aelig;r Terapi\",\"isPartOf\":{\"@id\":\"http:\/\/xn--anettehvirvelkrterapi-s3b.dk\/#website\"},\"primaryImageOfPage\":{\"@id\":\"http:\/\/xn--anettehvirvelkrterapi-s3b.dk\/index.php\/psykoterapi\/#primaryimage\"},\"image\":{\"@id\":\"http:\/\/xn--anettehvirvelkrterapi-s3b.dk\/index.php\/psykoterapi\/#primaryimage\"},\"thumbnailUrl\":\"https:\/\/anettehvirvelk\u00e6rterapi.dk\/wp-content\/uploads\/2023\/09\/uendelig-bro-redi-1-scaled.jpg\",\"datePublished\":\"2023-08-09T08:37:37+00:00\",\"dateModified\":\"2023-09-12T18:21:54+00:00\",\"breadcrumb\":{\"@id\":\"http:\/\/xn--anettehvirvelkrterapi-s3b.dk\/index.php\/psykoterapi\/#breadcrumb\"},\"inLanguage\":\"da-DK\",\"potentialAction\":[{\"@type\":\"ReadAction\",\"target\":[\"http:\/\/xn--anettehvirvelkrterapi-s3b.dk\/index.php\/psykoterapi\/\"]}]},{\"@type\":\"ImageObject\",\"inLanguage\":\"da-DK\",\"@id\":\"http:\/\/xn--anettehvirvelkrterapi-s3b.dk\/index.php\/psykoterapi\/#primaryimage\",\"url\":\"https:\/\/anettehvirvelk\u00e6rterapi.dk\/wp-content\/uploads\/2023\/09\/uendelig-bro-redi-1-scaled.jpg\",\"contentUrl\":\"https:\/\/anettehvirvelk\u00e6rterapi.dk\/wp-content\/uploads\/2023\/09\/uendelig-bro-redi-1-scaled.jpg\",\"width\":1189,\"height\":2560,\"caption\":\"ro n\u00e6rv\u00e6r forandringer selvv\u00e6rd terapi samtale selvtillid\"},{\"@type\":\"BreadcrumbList\",\"@id\":\"http:\/\/xn--anettehvirvelkrterapi-s3b.dk\/index.php\/psykoterapi\/#breadcrumb\",\"itemListElement\":[{\"@type\":\"ListItem\",\"position\":1,\"name\":\"Hjem\",\"item\":\"http:\/\/xn--anettehvirvelkrterapi-s3b.dk\/\"},{\"@type\":\"ListItem\",\"position\":2,\"name\":\"Psykoterapi\"}]},{\"@type\":\"WebSite\",\"@id\":\"http:\/\/xn--anettehvirvelkrterapi-s3b.dk\/#website\",\"url\":\"http:\/\/xn--anettehvirvelkrterapi-s3b.dk\/\",\"name\":\"AnetteHvirvelk&aelig;r Terapi\",\"description\":\"Samtaleterapi  til enkelt personer, par og familier og kropsorienteret behandling\",\"potentialAction\":[{\"@type\":\"SearchAction\",\"target\":{\"@type\":\"EntryPoint\",\"urlTemplate\":\"http:\/\/xn--anettehvirvelkrterapi-s3b.dk\/?s={search_term_string}\"},\"query-input\":{\"@type\":\"PropertyValueSpecification\",\"valueRequired\":true,\"valueName\":\"search_term_string\"}}],\"inLanguage\":\"da-DK\"}]}<\/script>\n<!-- \/ Yoast SEO plugin. -->","yoast_head_json":{"title":"Psykoterapi - AnetteHvirvelk&aelig;r Terapi","robots":{"index":"index","follow":"follow","max-snippet":"max-snippet:-1","max-image-preview":"max-image-preview:large","max-video-preview":"max-video-preview:-1"},"canonical":"http:\/\/xn--anettehvirvelkrterapi-s3b.dk\/index.php\/psykoterapi\/","og_locale":"da_DK","og_type":"article","og_title":"Psykoterapi - AnetteHvirvelk&aelig;r Terapi","og_description":"Jeg hedder Anette Hvirvelk\u00e6r og tilbyder samtaleterapi til enkelte personer, par og familier. Terapisamtalerne tager udgangspunkt i det, som fylder hos dig\/jer. Det kan v\u00e6re; Det vigtige for vores udvikling og trivsel er, hvordan vi har det med dem, vi holder af, lever sammen med, og\/eller er i familie med. N\u00e5r tingene bliver sv\u00e6rere end n\u00f8dvendigt, kan det v\u00e6re givtigt at dele tanker og overvejelser for at f\u00e5 mere lethed og gl\u00e6de ind i ens liv og i relationer til andre &#8211; s\u00e5 kan det v\u00e6re, at du\/I har brug for en samtale sammen med mig. Hvis du har brug for f\u00e6rre ord og mere kropslig behandling fx p\u00e5 grund af belastninger og traumer, s\u00e5 ogs\u00e5 muligt. Se venligst mere under afsnittet &#8220;Kropsorienteret&#8221;.","og_url":"http:\/\/xn--anettehvirvelkrterapi-s3b.dk\/index.php\/psykoterapi\/","og_site_name":"AnetteHvirvelk&aelig;r Terapi","article_modified_time":"2023-09-12T18:21:54+00:00","og_image":[{"width":1189,"height":2560,"url":"https:\/\/anettehvirvelk\u00e6rterapi.dk\/wp-content\/uploads\/2023\/09\/uendelig-bro-redi-1-scaled.jpg","type":"image\/jpeg"}],"twitter_card":"summary_large_image","twitter_misc":{"Estimeret l\u00e6setid":"1 minut"},"schema":{"@context":"https:\/\/schema.org","@graph":[{"@type":"WebPage","@id":"http:\/\/xn--anettehvirvelkrterapi-s3b.dk\/index.php\/psykoterapi\/","url":"http:\/\/xn--anettehvirvelkrterapi-s3b.dk\/index.php\/psykoterapi\/","name":"Psykoterapi - AnetteHvirvelk&aelig;r Terapi","isPartOf":{"@id":"http:\/\/xn--anettehvirvelkrterapi-s3b.dk\/#website"},"primaryImageOfPage":{"@id":"http:\/\/xn--anettehvirvelkrterapi-s3b.dk\/index.php\/psykoterapi\/#primaryimage"},"image":{"@id":"http:\/\/xn--anettehvirvelkrterapi-s3b.dk\/index.php\/psykoterapi\/#primaryimage"},"thumbnailUrl":"https:\/\/anettehvirvelk\u00e6rterapi.dk\/wp-content\/uploads\/2023\/09\/uendelig-bro-redi-1-scaled.jpg","datePublished":"2023-08-09T08:37:37+00:00","dateModified":"2023-09-12T18:21:54+00:00","breadcrumb":{"@id":"http:\/\/xn--anettehvirvelkrterapi-s3b.dk\/index.php\/psykoterapi\/#breadcrumb"},"inLanguage":"da-DK","potentialAction":[{"@type":"ReadAction","target":["http:\/\/xn--anettehvirvelkrterapi-s3b.dk\/index.php\/psykoterapi\/"]}]},{"@type":"ImageObject","inLanguage":"da-DK","@id":"http:\/\/xn--anettehvirvelkrterapi-s3b.dk\/index.php\/psykoterapi\/#primaryimage","url":"https:\/\/anettehvirvelk\u00e6rterapi.dk\/wp-content\/uploads\/2023\/09\/uendelig-bro-redi-1-scaled.jpg","contentUrl":"https:\/\/anettehvirvelk\u00e6rterapi.dk\/wp-content\/uploads\/2023\/09\/uendelig-bro-redi-1-scaled.jpg","width":1189,"height":2560,"caption":"ro n\u00e6rv\u00e6r forandringer selvv\u00e6rd terapi samtale selvtillid"},{"@type":"BreadcrumbList","@id":"http:\/\/xn--anettehvirvelkrterapi-s3b.dk\/index.php\/psykoterapi\/#breadcrumb","itemListElement":[{"@type":"ListItem","position":1,"name":"Hjem","item":"http:\/\/xn--anettehvirvelkrterapi-s3b.dk\/"},{"@type":"ListItem","position":2,"name":"Psykoterapi"}]},{"@type":"WebSite","@id":"http:\/\/xn--anettehvirvelkrterapi-s3b.dk\/#website","url":"http:\/\/xn--anettehvirvelkrterapi-s3b.dk\/","name":"AnetteHvirvelk&aelig;r Terapi","description":"Samtaleterapi  til enkelt personer, par og familier og kropsorienteret behandling","potentialAction":[{"@type":"SearchAction","target":{"@type":"EntryPoint","urlTemplate":"http:\/\/xn--anettehvirvelkrterapi-s3b.dk\/?s={search_term_string}"},"query-input":{"@type":"PropertyValueSpecification","valueRequired":true,"valueName":"search_term_string"}}],"inLanguage":"da-DK"}]}},"_links":{"self":[{"href":"http:\/\/xn--anettehvirvelkrterapi-s3b.dk\/index.php\/wp-json\/wp\/v2\/pages\/7","targetHints":{"allow":["GET"]}}],"collection":[{"href":"http:\/\/xn--anettehvirvelkrterapi-s3b.dk\/index.php\/wp-json\/wp\/v2\/pages"}],"about":[{"href":"http:\/\/xn--anettehvirvelkrterapi-s3b.dk\/index.php\/wp-json\/wp\/v2\/types\/page"}],"author":[{"embeddable":true,"href":"http:\/\/xn--anettehvirvelkrterapi-s3b.dk\/index.php\/wp-json\/wp\/v2\/users\/1"}],"replies":[{"embeddable":true,"href":"http:\/\/xn--anettehvirvelkrterapi-s3b.dk\/index.php\/wp-json\/wp\/v2\/comments?post=7"}],"version-history":[{"count":15,"href":"http:\/\/xn--anettehvirvelkrterapi-s3b.dk\/index.php\/wp-json\/wp\/v2\/pages\/7\/revisions"}],"predecessor-version":[{"id":546,"href":"http:\/\/xn--anettehvirvelkrterapi-s3b.dk\/index.php\/wp-json\/wp\/v2\/pages\/7\/revisions\/546"}],"wp:featuredmedia":[{"embeddable":true,"href":"http:\/\/xn--anettehvirvelkrterapi-s3b.dk\/index.php\/wp-json\/wp\/v2\/media\/437"}],"wp:attachment":[{"href":"http:\/\/xn--anettehvirvelkrterapi-s3b.dk\/index.php\/wp-json\/wp\/v2\/media?parent=7"}],"curies":[{"name":"wp","href":"https:\/\/api.w.org\/{rel}","templated":true}]}}